{"id":14689,"date":"2024-05-22T12:15:31","date_gmt":"2024-05-22T18:15:31","guid":{"rendered":"https:\/\/la-guardia.com.mx\/?page_id=14689"},"modified":"2024-05-22T12:15:35","modified_gmt":"2024-05-22T18:15:35","slug":"aviso-de-privacidad","status":"publish","type":"page","link":"https:\/\/la-guardia.com.mx\/?page_id=14689","title":{"rendered":"AVISO DE PRIVACIDAD"},"content":{"rendered":"\n<h3 class=\"wp-block-heading\"><\/h3>\n\n\n\n<p class=\"\"><strong>La Guardia Noticias, + Informaci\u00f3n 24\/7<\/strong><\/p>\n\n\n\n<p class=\"\">La Guardia Noticias, + Informaci\u00f3n 24\/7 (en adelante, \u201cel Sitio\u201d), se compromete a proteger su privacidad. Esta pol\u00edtica de privacidad establece las condiciones de uso y manejo de la informaci\u00f3n recopilada en el Sitio.<\/p>\n\n\n\n<p class=\"\"><strong>Aceptaci\u00f3n de T\u00e9rminos<\/strong><\/p>\n\n\n\n<p class=\"\">Al utilizar el Sitio, usted acepta sin reservas las disposiciones de este Aviso de Privacidad. Si no est\u00e1 de acuerdo con alguna de las condiciones aqu\u00ed establecidas, le solicitamos no usar ni acceder al Sitio. Nos reservamos el derecho a modificar esta pol\u00edtica en cualquier momento. El uso continuado del Sitio despu\u00e9s de la notificaci\u00f3n o anuncio de tales modificaciones constituir\u00e1 su aceptaci\u00f3n de dichos cambios.<\/p>\n\n\n\n<p class=\"\"><strong>Uso de Cookies<\/strong><\/p>\n\n\n\n<p class=\"\">El Sitio utiliza cookies, que son peque\u00f1os archivos de datos generados en su ordenador, para enviar informaci\u00f3n sin proporcionar referencias que permitan deducir datos personales. Usted puede configurar su navegador para notificarle y rechazar la instalaci\u00f3n de cookies, sin que esto afecte la posibilidad de acceder a los contenidos del Sitio. Sin embargo, no nos responsabilizamos de que la desactivaci\u00f3n de las cookies impida el buen funcionamiento del Sitio.<\/p>\n\n\n\n<p class=\"\"><strong>Web Beacons<\/strong><\/p>\n\n\n\n<p class=\"\">El Sitio puede contener web beacons, que son archivos electr\u00f3nicos gr\u00e1ficos que permiten contabilizar a los usuarios que acceden al Sitio o a determinadas cookies. Esto nos permite ofrecerle una experiencia m\u00e1s personalizada.<\/p>\n\n\n\n<p class=\"\"><strong>Acciones de Terceros<\/strong><\/p>\n\n\n\n<p class=\"\">En el Sitio encontrar\u00e1 p\u00e1ginas, promociones, micrositios, tiendas virtuales, encuestas, patrocinadores, publicistas, contratistas y socios comerciales que pueden solicitarle informaci\u00f3n. La informaci\u00f3n proporcionada en estos sitios estar\u00e1 sujeta a sus propias pol\u00edticas de privacidad, y no a la de este Sitio. Recomendamos revisar detenidamente las pol\u00edticas de privacidad de estos Sitios Cobrandeados.<\/p>\n\n\n\n<p class=\"\"><strong>Pol\u00edtica de Privacidad de Publicidad<\/strong><\/p>\n\n\n\n<p class=\"\">Google: <a href=\"http:\/\/www.google.com\/intl\/es_ALL\/policies\/privacy\/\">Pol\u00edtica de Privacidad de Google<\/a><\/p>\n\n\n\n<p class=\"\">Estudiamos las preferencias de nuestros usuarios, sus caracter\u00edsticas demogr\u00e1ficas, patrones de tr\u00e1fico y otra informaci\u00f3n en conjunto para comprender mejor a nuestra audiencia y ofrecerle los avisos publicitarios m\u00e1s relevantes.<\/p>\n\n\n\n<p class=\"\"><strong>Pol\u00edtica de Privacidad de Fuentes de Rastreo<\/strong><\/p>\n\n\n\n<p class=\"\">Google: <a href=\"http:\/\/www.google.com\/intl\/es_ALL\/policies\/privacy\/\">Pol\u00edtica de Privacidad de Google<\/a><\/p>\n\n\n\n<p class=\"\"><strong>Protecci\u00f3n de Datos Personales<\/strong><\/p>\n\n\n\n<p class=\"\">Para utilizar algunos servicios o acceder a determinados contenidos, es posible que deba proporcionar datos personales, que solo se utilizar\u00e1n para el prop\u00f3sito para el que fueron recopilados. Los datos solicitados pueden incluir, entre otros, nombre, direcci\u00f3n de correo electr\u00f3nico, fecha de nacimiento, sexo, ocupaci\u00f3n, pa\u00eds y ciudad de origen, e intereses personales. No toda la informaci\u00f3n solicitada es obligatoria, salvo aquella que se considere conveniente y as\u00ed se le haga saber.<\/p>\n\n\n\n<p class=\"\">El Sitio no comparte ni revela la informaci\u00f3n obtenida, excepto cuando haya sido autorizado por usted, o en los siguientes casos:<br>a) Cuando sea requerido por una autoridad competente y previo cumplimiento del tr\u00e1mite legal correspondiente.<br>b) Cuando sea necesario para hacer cumplir las condiciones de uso y dem\u00e1s t\u00e9rminos del Sitio, o para salvaguardar la integridad de los dem\u00e1s usuarios o del Sitio.<\/p>\n\n\n\n<p class=\"\">Si revela informaci\u00f3n personal en \u00e1reas p\u00fablicas en l\u00ednea, otros pueden recogerla y usarla. No controlamos las acciones de nuestros visitantes y usuarios.<\/p>\n\n\n\n<p class=\"\"><strong>Conducta Responsable<\/strong><\/p>\n\n\n\n<p class=\"\">Toda la informaci\u00f3n que facilite debe ser veraz. Usted garantiza la autenticidad de los datos que proporcione. Ser\u00e1 responsable de las declaraciones falsas o inexactas y de los perjuicios que cause al Sitio o a terceros por la informaci\u00f3n facilitada. Se compromete a actuar de manera responsable y a tratar a otros visitantes con respeto.<\/p>\n\n\n\n<p class=\"\"><strong>Eliminaci\u00f3n de Datos<\/strong><\/p>\n\n\n\n<p class=\"\">El Sitio no almacena informaci\u00f3n personal en bases de datos propias. Si llegara a detectar la presencia de datos personales sensibles, puede solicitar su eliminaci\u00f3n y revocar el consentimiento de su uso. Para ello, deber\u00e1 detallar claramente los datos o finalidades de los cuales revoca su consentimiento y solicitarlo v\u00eda correo electr\u00f3nico a laguardiacontenidos@gmail.com o por escrito al siguiente domicilio: Degollado 242, Int 302, Col. Buenavista, Alcald\u00eda Cuauht\u00e9moc, CDMX. C.P. 06350.<\/p>\n","protected":false},"excerpt":{"rendered":"<p>La Guardia Noticias, + Informaci\u00f3n 24\/7 La Guardia Noticias, + Informaci\u00f3n 24\/7 (en adelante, \u201cel Sitio\u201d), se compromete a proteger su privacidad. Esta pol\u00edtica de privacidad establece las condiciones de uso y manejo de la informaci\u00f3n recopilada en el Sitio. Aceptaci\u00f3n de T\u00e9rminos Al utilizar el Sitio, usted acepta sin reservas las disposiciones de este [&hellip;]<\/p>\n","protected":false},"author":1,"featured_media":0,"parent":0,"menu_order":0,"comment_status":"closed","ping_status":"closed","template":"","meta":{"nf_dc_page":"","footnotes":""},"class_list":["post-14689","page","type-page","status-publish","hentry"],"_links":{"self":[{"href":"https:\/\/la-guardia.com.mx\/index.php?rest_route=\/wp\/v2\/pages\/14689","targetHints":{"allow":["GET"]}}],"collection":[{"href":"https:\/\/la-guardia.com.mx\/index.php?rest_route=\/wp\/v2\/pages"}],"about":[{"href":"https:\/\/la-guardia.com.mx\/index.php?rest_route=\/wp\/v2\/types\/page"}],"author":[{"embeddable":true,"href":"https:\/\/la-guardia.com.mx\/index.php?rest_route=\/wp\/v2\/users\/1"}],"replies":[{"embeddable":true,"href":"https:\/\/la-guardia.com.mx\/index.php?rest_route=%2Fwp%2Fv2%2Fcomments&post=14689"}],"version-history":[{"count":1,"href":"https:\/\/la-guardia.com.mx\/index.php?rest_route=\/wp\/v2\/pages\/14689\/revisions"}],"predecessor-version":[{"id":14690,"href":"https:\/\/la-guardia.com.mx\/index.php?rest_route=\/wp\/v2\/pages\/14689\/revisions\/14690"}],"wp:attachment":[{"href":"https:\/\/la-guardia.com.mx\/index.php?rest_route=%2Fwp%2Fv2%2Fmedia&parent=14689"}],"curies":[{"name":"wp","href":"https:\/\/api.w.org\/{rel}","templated":true}]}}